{"id":45721,"date":"2026-04-07T19:46:59","date_gmt":"2026-04-07T17:46:59","guid":{"rendered":"https:\/\/viaminnet.com\/?post_type=product&#038;p=45721"},"modified":"2026-04-07T19:47:28","modified_gmt":"2026-04-07T17:47:28","slug":"dance-petite-korvakorut-sammaleenvihrea","status":"publish","type":"product","link":"https:\/\/viaminnet.com\/en\/shop\/dance-petite-korvakorut-sammaleenvihrea\/","title":{"rendered":"Dance Petite - korvakorut, sammaleenvihre\u00e4"},"content":{"rendered":"<div>Dance Petite korvakorut ovat leikkis\u00e4 yhdistelm\u00e4 modernia ja suoraviivaista muotoilua, sek\u00e4 juhlavaa hohtoa. Malliston pehme\u00e4t muodot ja geometria luovat kontrastin sen korvakorujen kirkkaille ja hohtaville v\u00e4reille. Korut pehme\u00e4\u00e4 nahkaa ja unelman kevyet k\u00e4ytt\u00e4\u00e4!<\/div>\n<div><\/div>\n<div>Korun pituus koukun kanssa 4,5 cm.<\/div>\n<div>Koukut nikkelit\u00f6nt\u00e4 ter\u00e4st\u00e4.<\/div>\n<div>Nahkamateriaali on valmistettu Italiassa. Korut valmistettu k\u00e4sin Suomessa.<\/div>\n<div><\/div>\n<div><i>You may have this Dance.<\/i><\/div>\n","protected":false},"excerpt":{"rendered":"<p>Dance Petite korvakorut ovat leikkis\u00e4 yhdistelm\u00e4 modernia ja suoraviivaista muotoilua, sek\u00e4 juhlavaa hohtoa. Malliston pehme\u00e4t muodot ja geometria luovat kontrastin sen korvakorujen kirkkaille ja hohtaville v\u00e4reille. Korut pehme\u00e4\u00e4 nahkaa ja unelman kevyet k\u00e4ytt\u00e4\u00e4! Korun pituus koukun kanssa 4,5 cm. Koukut nikkelit\u00f6nt\u00e4 ter\u00e4st\u00e4. Nahkamateriaali on valmistettu Italiassa. Korut valmistettu k\u00e4sin Suomessa. You may have this Dance.<\/p>\n","protected":false},"featured_media":45719,"template":"","meta":{"_acf_changed":false},"product_brand":[],"product_cat":[425,213,770],"product_tag":[],"class_list":{"0":"post-45721","1":"product","2":"type-product","3":"status-publish","4":"has-post-thumbnail","6":"product_cat-dance","7":"product_cat-korvakorut","8":"product_cat-outlet","10":"first","11":"instock","12":"sale","13":"taxable","14":"shipping-taxable","15":"purchasable","16":"product-type-simple"},"acf":[],"_links":{"self":[{"href":"https:\/\/viaminnet.com\/en\/wp-json\/wp\/v2\/product\/45721","targetHints":{"allow":["GET"]}}],"collection":[{"href":"https:\/\/viaminnet.com\/en\/wp-json\/wp\/v2\/product"}],"about":[{"href":"https:\/\/viaminnet.com\/en\/wp-json\/wp\/v2\/types\/product"}],"wp:featuredmedia":[{"embeddable":true,"href":"https:\/\/viaminnet.com\/en\/wp-json\/wp\/v2\/media\/45719"}],"wp:attachment":[{"href":"https:\/\/viaminnet.com\/en\/wp-json\/wp\/v2\/media?parent=45721"}],"wp:term":[{"taxonomy":"product_brand","embeddable":true,"href":"https:\/\/viaminnet.com\/en\/wp-json\/wp\/v2\/product_brand?post=45721"},{"taxonomy":"product_cat","embeddable":true,"href":"https:\/\/viaminnet.com\/en\/wp-json\/wp\/v2\/product_cat?post=45721"},{"taxonomy":"product_tag","embeddable":true,"href":"https:\/\/viaminnet.com\/en\/wp-json\/wp\/v2\/product_tag?post=45721"}],"curies":[{"name":"wp","href":"https:\/\/api.w.org\/{rel}","templated":true}]}}