{"id":45716,"date":"2026-04-07T19:39:21","date_gmt":"2026-04-07T17:39:21","guid":{"rendered":"https:\/\/viaminnet.com\/?post_type=product&#038;p=45716"},"modified":"2026-04-07T19:51:58","modified_gmt":"2026-04-07T17:51:58","slug":"sade-raindrop-petite-korvakorut-limenvihrea","status":"publish","type":"product","link":"https:\/\/viaminnet.com\/en\/shop\/sade-raindrop-petite-korvakorut-limenvihrea\/","title":{"rendered":"SADE Raindrop Petite -korvakorut, limenvihre\u00e4"},"content":{"rendered":"<p>Rajoitettu er\u00e4 erikoisv\u00e4riss\u00e4!<\/p>\n<p>Korut pehme\u00e4\u00e4 poronnahkaa. Korun pituus koukun kanssa 6,5 cm.<\/p>\n<p>Korvakorujen metalliosien materiaali on nikkelit\u00f6n ter\u00e4s.<\/p>\n<p>Suomalaiset nahkakorvakorut on valmistettu k\u00e4sin Suomessa.<\/p>\n<p>SADE Raindrop Petite korvakorut ovat SADE-malliston siroimmat korut. Pisara korvakorut ja niiden ajaton sek\u00e4 pelkistetty muotoilu takaa korujen helpon yhdistelt\u00e4vyyden ja monipuolisuuden. H\u00f6yhenenkevyt materiaali takaa k\u00e4ytt\u00f6mukavuuden.<\/p>\n<p>Tutustu SADE-sarjan tuotteisiin <a href=\"https:\/\/viaminnet.com\/tuote-osasto\/sade\/\">t\u00e4\u00e4ll\u00e4<\/a>.<\/p>\n","protected":false},"excerpt":{"rendered":"<p>Rajoitettu er\u00e4 erikoisv\u00e4riss\u00e4! Korut pehme\u00e4\u00e4 poronnahkaa. Korun pituus koukun kanssa 6,5 cm. Korvakorujen metalliosien materiaali on nikkelit\u00f6n ter\u00e4s. Suomalaiset nahkakorvakorut on valmistettu k\u00e4sin Suomessa. SADE Raindrop Petite korvakorut ovat SADE-malliston siroimmat korut. Pisara korvakorut ja niiden ajaton sek\u00e4 pelkistetty muotoilu takaa korujen helpon yhdistelt\u00e4vyyden ja monipuolisuuden. H\u00f6yhenenkevyt materiaali takaa k\u00e4ytt\u00f6mukavuuden. Tutustu SADE-sarjan tuotteisiin t\u00e4\u00e4ll\u00e4.<\/p>\n","protected":false},"featured_media":45717,"template":"","meta":{"_acf_changed":false},"product_brand":[],"product_cat":[213,770,215],"product_tag":[],"class_list":{"0":"post-45716","1":"product","2":"type-product","3":"status-publish","4":"has-post-thumbnail","6":"product_cat-korvakorut","7":"product_cat-outlet","8":"product_cat-sade","10":"first","11":"instock","12":"sale","13":"taxable","14":"shipping-taxable","15":"purchasable","16":"product-type-simple"},"acf":[],"_links":{"self":[{"href":"https:\/\/viaminnet.com\/en\/wp-json\/wp\/v2\/product\/45716","targetHints":{"allow":["GET"]}}],"collection":[{"href":"https:\/\/viaminnet.com\/en\/wp-json\/wp\/v2\/product"}],"about":[{"href":"https:\/\/viaminnet.com\/en\/wp-json\/wp\/v2\/types\/product"}],"wp:featuredmedia":[{"embeddable":true,"href":"https:\/\/viaminnet.com\/en\/wp-json\/wp\/v2\/media\/45717"}],"wp:attachment":[{"href":"https:\/\/viaminnet.com\/en\/wp-json\/wp\/v2\/media?parent=45716"}],"wp:term":[{"taxonomy":"product_brand","embeddable":true,"href":"https:\/\/viaminnet.com\/en\/wp-json\/wp\/v2\/product_brand?post=45716"},{"taxonomy":"product_cat","embeddable":true,"href":"https:\/\/viaminnet.com\/en\/wp-json\/wp\/v2\/product_cat?post=45716"},{"taxonomy":"product_tag","embeddable":true,"href":"https:\/\/viaminnet.com\/en\/wp-json\/wp\/v2\/product_tag?post=45716"}],"curies":[{"name":"wp","href":"https:\/\/api.w.org\/{rel}","templated":true}]}}