{"id":45706,"date":"2026-04-07T19:25:20","date_gmt":"2026-04-07T17:25:20","guid":{"rendered":"https:\/\/viaminnet.com\/?post_type=product&#038;p=45706"},"modified":"2026-04-07T20:00:47","modified_gmt":"2026-04-07T18:00:47","slug":"feathers-petite-korvakorut-pronssi","status":"publish","type":"product","link":"https:\/\/viaminnet.com\/en\/shop\/feathers-petite-korvakorut-pronssi\/","title":{"rendered":"Feathers Petite - korvakorut, pronssi"},"content":{"rendered":"<p>FEATHERS Petite pienet ja kevyet korvakorut sopivat kaiken ik\u00e4iselle ja kokoiselle korvakorun k\u00e4ytt\u00e4j\u00e4lle. Nahkaiset sulkakorvakorut ovat pieni mutta katseenk\u00e4\u00e4nt\u00e4v\u00e4 mauste asuusi.<\/p>\n<p><span style=\"font-weight: 400;\">Pronssinv\u00e4riset, roikkuvat korvakorut ovat pehme\u00e4\u00e4 suomalaista nappanahkaa.\u00a0<\/span><\/p>\n<p>Koukut nikkelit\u00f6nt\u00e4 ter\u00e4st\u00e4.<\/p>\n<p>Korun pituus koukun kanssa 6 cm.<\/p>\n<p>Korussa k\u00e4ytt\u00e4m\u00e4mme nahkamateriaali on per\u00e4isin Suomesta.<\/p>\n<p>Kaikki korumme ovat valmistettu k\u00e4sin Suomessa.<\/p>\n<p>&nbsp;<\/p>\n<p>Katso muut FEATHERS Petite sulkakorvakorut <a href=\"https:\/\/viaminnet.com\/kauppa\/feathers-petite\/\">t\u00e4\u00e4lt\u00e4<\/a>.<\/p>\n","protected":false},"excerpt":{"rendered":"<p>FEATHERS Petite pienet ja kevyet korvakorut sopivat kaiken ik\u00e4iselle ja kokoiselle korvakorun k\u00e4ytt\u00e4j\u00e4lle. Nahkaiset sulkakorvakorut ovat pieni mutta katseenk\u00e4\u00e4nt\u00e4v\u00e4 mauste asuusi. Pronssinv\u00e4riset, roikkuvat korvakorut ovat pehme\u00e4\u00e4 suomalaista nappanahkaa.\u00a0 Koukut nikkelit\u00f6nt\u00e4 ter\u00e4st\u00e4. Korun pituus koukun kanssa 6 cm. Korussa k\u00e4ytt\u00e4m\u00e4mme nahkamateriaali on per\u00e4isin Suomesta. Kaikki korumme ovat valmistettu k\u00e4sin Suomessa. &nbsp; Katso muut FEATHERS Petite sulkakorvakorut [&hellip;]<\/p>\n","protected":false},"featured_media":45707,"template":"","meta":{"_acf_changed":false},"product_brand":[],"product_cat":[212,213,770],"product_tag":[],"class_list":{"0":"post-45706","1":"product","2":"type-product","3":"status-publish","4":"has-post-thumbnail","6":"product_cat-feathers","7":"product_cat-korvakorut","8":"product_cat-outlet","10":"first","11":"instock","12":"sale","13":"taxable","14":"shipping-taxable","15":"purchasable","16":"product-type-simple"},"acf":[],"_links":{"self":[{"href":"https:\/\/viaminnet.com\/en\/wp-json\/wp\/v2\/product\/45706","targetHints":{"allow":["GET"]}}],"collection":[{"href":"https:\/\/viaminnet.com\/en\/wp-json\/wp\/v2\/product"}],"about":[{"href":"https:\/\/viaminnet.com\/en\/wp-json\/wp\/v2\/types\/product"}],"wp:featuredmedia":[{"embeddable":true,"href":"https:\/\/viaminnet.com\/en\/wp-json\/wp\/v2\/media\/45707"}],"wp:attachment":[{"href":"https:\/\/viaminnet.com\/en\/wp-json\/wp\/v2\/media?parent=45706"}],"wp:term":[{"taxonomy":"product_brand","embeddable":true,"href":"https:\/\/viaminnet.com\/en\/wp-json\/wp\/v2\/product_brand?post=45706"},{"taxonomy":"product_cat","embeddable":true,"href":"https:\/\/viaminnet.com\/en\/wp-json\/wp\/v2\/product_cat?post=45706"},{"taxonomy":"product_tag","embeddable":true,"href":"https:\/\/viaminnet.com\/en\/wp-json\/wp\/v2\/product_tag?post=45706"}],"curies":[{"name":"wp","href":"https:\/\/api.w.org\/{rel}","templated":true}]}}