{"id":44765,"date":"2025-11-26T11:53:44","date_gmt":"2025-11-26T09:53:44","guid":{"rendered":"https:\/\/viaminnet.com\/?post_type=product&#038;p=44765"},"modified":"2025-11-26T11:53:45","modified_gmt":"2025-11-26T09:53:45","slug":"feathers-petite-tummanpunainen","status":"publish","type":"product","link":"https:\/\/viaminnet.com\/en\/shop\/feathers-petite-tummanpunainen\/","title":{"rendered":"Feathers Petite, tummanpunainen"},"content":{"rendered":"<p>FEATHERS Petite pienet ja kevyet korvakorut sopivat kaiken ik\u00e4iselle ja kokoiselle korvakorun k\u00e4ytt\u00e4j\u00e4lle. Nahkaiset sulkakorvakorut ovat pieni mutta katseenk\u00e4\u00e4nt\u00e4v\u00e4 mauste asuusi.<\/p>\n<p>Korun pinta on nappanahkaa. Koruissa k\u00e4ytt\u00e4m\u00e4mme nahkamateriaali on per\u00e4isin Suomesta ja Italiasta. Kaikki korumme ovat valmistettu Suomessa k\u00e4sin lyhyen matkan p\u00e4\u00e4ss\u00e4 Helsingin showroomiltamme.<\/p>\n<p>Koukut nikkelit\u00f6nt\u00e4 ter\u00e4st\u00e4.<\/p>\n<p><i>Tuote on poistuva malli. Myymme kyseist\u00e4 tuotetta niin kauan kun varastoa on j\u00e4ljell\u00e4.<\/i><\/p>\n","protected":false},"excerpt":{"rendered":"<p>FEATHERS Petite pienet ja kevyet korvakorut sopivat kaiken ik\u00e4iselle ja kokoiselle korvakorun k\u00e4ytt\u00e4j\u00e4lle. Nahkaiset sulkakorvakorut ovat pieni mutta katseenk\u00e4\u00e4nt\u00e4v\u00e4 mauste asuusi. Korun pinta on nappanahkaa. Koruissa k\u00e4ytt\u00e4m\u00e4mme nahkamateriaali on per\u00e4isin Suomesta ja Italiasta. Kaikki korumme ovat valmistettu Suomessa k\u00e4sin lyhyen matkan p\u00e4\u00e4ss\u00e4 Helsingin showroomiltamme. Koukut nikkelit\u00f6nt\u00e4 ter\u00e4st\u00e4. Tuote on poistuva malli. Myymme kyseist\u00e4 tuotetta niin [&hellip;]<\/p>\n","protected":false},"featured_media":44766,"template":"","meta":{"_acf_changed":false},"product_brand":[],"product_cat":[791,770],"product_tag":[],"class_list":{"0":"post-44765","1":"product","2":"type-product","3":"status-publish","4":"has-post-thumbnail","6":"product_cat-black-weekend","7":"product_cat-outlet","9":"first","10":"instock","11":"sale","12":"taxable","13":"shipping-taxable","14":"purchasable","15":"product-type-simple"},"acf":[],"_links":{"self":[{"href":"https:\/\/viaminnet.com\/en\/wp-json\/wp\/v2\/product\/44765","targetHints":{"allow":["GET"]}}],"collection":[{"href":"https:\/\/viaminnet.com\/en\/wp-json\/wp\/v2\/product"}],"about":[{"href":"https:\/\/viaminnet.com\/en\/wp-json\/wp\/v2\/types\/product"}],"wp:featuredmedia":[{"embeddable":true,"href":"https:\/\/viaminnet.com\/en\/wp-json\/wp\/v2\/media\/44766"}],"wp:attachment":[{"href":"https:\/\/viaminnet.com\/en\/wp-json\/wp\/v2\/media?parent=44765"}],"wp:term":[{"taxonomy":"product_brand","embeddable":true,"href":"https:\/\/viaminnet.com\/en\/wp-json\/wp\/v2\/product_brand?post=44765"},{"taxonomy":"product_cat","embeddable":true,"href":"https:\/\/viaminnet.com\/en\/wp-json\/wp\/v2\/product_cat?post=44765"},{"taxonomy":"product_tag","embeddable":true,"href":"https:\/\/viaminnet.com\/en\/wp-json\/wp\/v2\/product_tag?post=44765"}],"curies":[{"name":"wp","href":"https:\/\/api.w.org\/{rel}","templated":true}]}}