{"id":44758,"date":"2025-11-26T08:58:41","date_gmt":"2025-11-26T06:58:41","guid":{"rendered":"https:\/\/viaminnet.com\/?post_type=product&#038;p=44758"},"modified":"2025-11-26T09:08:20","modified_gmt":"2025-11-26T07:08:20","slug":"kaulakoru-kolme-sulkaa","status":"publish","type":"product","link":"https:\/\/viaminnet.com\/en\/shop\/kaulakoru-kolme-sulkaa\/","title":{"rendered":"Kaulakoru, kolme sulkaa"},"content":{"rendered":"<p>Puna-valkoinen sulkakaulakoru, jonka ketjun pituus on helppo lyhent\u00e4\u00e4.<\/p>\n<p>Korun pituus 14 cm, ketjun pituus 80 cm.<\/p>\n<p>Sulat pehme\u00e4\u00e4 lamppaannahkaa.<\/p>\n<p>Ketju nikkelit\u00f6n ter\u00e4s.<\/p>\n","protected":false},"excerpt":{"rendered":"<p>Puna-valkoinen sulkakaulakoru, jonka ketjun pituus on helppo lyhent\u00e4\u00e4. Korun pituus 14 cm, ketjun pituus 80 cm. Sulat pehme\u00e4\u00e4 lamppaannahkaa. Ketju nikkelit\u00f6n ter\u00e4s.<\/p>\n","protected":false},"featured_media":44752,"template":"","meta":{"_acf_changed":false},"product_brand":[],"product_cat":[791,286,770],"product_tag":[],"class_list":{"0":"post-44758","1":"product","2":"type-product","3":"status-publish","4":"has-post-thumbnail","6":"product_cat-black-weekend","7":"product_cat-muut-tuotteet","8":"product_cat-outlet","10":"first","11":"instock","12":"sale","13":"taxable","14":"shipping-taxable","15":"purchasable","16":"product-type-simple"},"acf":[],"_links":{"self":[{"href":"https:\/\/viaminnet.com\/en\/wp-json\/wp\/v2\/product\/44758","targetHints":{"allow":["GET"]}}],"collection":[{"href":"https:\/\/viaminnet.com\/en\/wp-json\/wp\/v2\/product"}],"about":[{"href":"https:\/\/viaminnet.com\/en\/wp-json\/wp\/v2\/types\/product"}],"wp:featuredmedia":[{"embeddable":true,"href":"https:\/\/viaminnet.com\/en\/wp-json\/wp\/v2\/media\/44752"}],"wp:attachment":[{"href":"https:\/\/viaminnet.com\/en\/wp-json\/wp\/v2\/media?parent=44758"}],"wp:term":[{"taxonomy":"product_brand","embeddable":true,"href":"https:\/\/viaminnet.com\/en\/wp-json\/wp\/v2\/product_brand?post=44758"},{"taxonomy":"product_cat","embeddable":true,"href":"https:\/\/viaminnet.com\/en\/wp-json\/wp\/v2\/product_cat?post=44758"},{"taxonomy":"product_tag","embeddable":true,"href":"https:\/\/viaminnet.com\/en\/wp-json\/wp\/v2\/product_tag?post=44758"}],"curies":[{"name":"wp","href":"https:\/\/api.w.org\/{rel}","templated":true}]}}