{"id":44122,"date":"2025-03-13T16:10:31","date_gmt":"2025-03-13T14:10:31","guid":{"rendered":"https:\/\/viaminnet.com\/?post_type=product&#038;p=44122"},"modified":"2026-02-04T13:27:53","modified_gmt":"2026-02-04T11:27:53","slug":"bubbles-korvakorut","status":"publish","type":"product","link":"https:\/\/viaminnet.com\/en\/shop\/bubbles-korvakorut\/","title":{"rendered":"BUBBLES -korvakorut"},"content":{"rendered":"<p>BUBBLES korvakorut ovat ajattomat ja kevyet katseenvangitsijat. Yksiosaiset roikkuvat korvakorut ovat koostaan huolimatta rauhalliset, ja sopivat moneen tilanteeseen kaikille ik\u00e4\u00e4n katsomatta.<\/p>\n<p>Nahkakorvakorun pinta on hieman valoa heijastava. Korvakorut saatavilla v\u00e4reiss\u00e4 kulta, hopea, pronssi, ruskea ja purppura.<\/p>\n<p>Kaikki k\u00e4ytt\u00e4m\u00e4mme nahkamateriaali on per\u00e4isin Suomesta tai Italiasta.<\/p>\n<p>Korvakorujen metalliosat ovat valmistettu nikkelitt\u00f6m\u00e4st\u00e4 ter\u00e4ksest\u00e4.<\/p>\n<p>Kaikki korumme on valmistettu k\u00e4sin Suomessa.<\/p>\n<p>Katso muut BUBBLES nahkakorvakorut <a href=\"https:\/\/viaminnet.com\/tuote-osasto\/bubbles\/\">t\u00e4\u00e4lt\u00e4<\/a>.<\/p>\n<p>&nbsp;<\/p>\n","protected":false},"excerpt":{"rendered":"<p>BUBBLES korvakorut ovat ajattomat ja kevyet katseenvangitsijat. Yksiosaiset roikkuvat korvakorut ovat koostaan huolimatta rauhalliset, ja sopivat moneen tilanteeseen kaikille ik\u00e4\u00e4n katsomatta. Nahkakorvakorun pinta on hieman valoa heijastava. Korvakorut saatavilla v\u00e4reiss\u00e4 kulta, hopea, pronssi, ruskea ja purppura. Kaikki k\u00e4ytt\u00e4m\u00e4mme nahkamateriaali on per\u00e4isin Suomesta tai Italiasta. Korvakorujen metalliosat ovat valmistettu nikkelitt\u00f6m\u00e4st\u00e4 ter\u00e4ksest\u00e4. Kaikki korumme on valmistettu k\u00e4sin [&hellip;]<\/p>\n","protected":false},"featured_media":45275,"template":"","meta":{"_acf_changed":false},"product_brand":[],"product_cat":[213,774,218],"product_tag":[],"class_list":{"0":"post-44122","1":"product","2":"type-product","3":"status-publish","4":"has-post-thumbnail","6":"product_cat-korvakorut","7":"product_cat-bubbles","8":"product_cat-sesonki","9":"pa_vari-hopea","10":"pa_vari-kulta","11":"pa_vari-pronssi","12":"pa_vari-purppura","13":"pa_vari-ruskea","15":"first","16":"instock","17":"taxable","18":"shipping-taxable","19":"purchasable","20":"product-type-variable","21":"wvs-archive-product-wrapper"},"acf":[],"_links":{"self":[{"href":"https:\/\/viaminnet.com\/en\/wp-json\/wp\/v2\/product\/44122","targetHints":{"allow":["GET"]}}],"collection":[{"href":"https:\/\/viaminnet.com\/en\/wp-json\/wp\/v2\/product"}],"about":[{"href":"https:\/\/viaminnet.com\/en\/wp-json\/wp\/v2\/types\/product"}],"wp:featuredmedia":[{"embeddable":true,"href":"https:\/\/viaminnet.com\/en\/wp-json\/wp\/v2\/media\/45275"}],"wp:attachment":[{"href":"https:\/\/viaminnet.com\/en\/wp-json\/wp\/v2\/media?parent=44122"}],"wp:term":[{"taxonomy":"product_brand","embeddable":true,"href":"https:\/\/viaminnet.com\/en\/wp-json\/wp\/v2\/product_brand?post=44122"},{"taxonomy":"product_cat","embeddable":true,"href":"https:\/\/viaminnet.com\/en\/wp-json\/wp\/v2\/product_cat?post=44122"},{"taxonomy":"product_tag","embeddable":true,"href":"https:\/\/viaminnet.com\/en\/wp-json\/wp\/v2\/product_tag?post=44122"}],"curies":[{"name":"wp","href":"https:\/\/api.w.org\/{rel}","templated":true}]}}