{"id":44120,"date":"2025-03-13T16:08:43","date_gmt":"2025-03-13T14:08:43","guid":{"rendered":"https:\/\/viaminnet.com\/?post_type=product&#038;p=44120"},"modified":"2026-02-04T13:39:56","modified_gmt":"2026-02-04T11:39:56","slug":"bubbles-duo-korvakorut","status":"publish","type":"product","link":"https:\/\/viaminnet.com\/en\/shop\/bubbles-duo-korvakorut\/","title":{"rendered":"BUBBLES Duo -korvakorut"},"content":{"rendered":"<p>BUBBLES Duo korvakorut ovat ajaton ja n\u00e4ytt\u00e4v\u00e4 lis\u00e4 asuusi. Kauniit nahkakorvakorut ovat valmistettu korkealaatuisesta italialaisesta nahasta ja ne kruunaavat juhla-asusi tai pirist\u00e4v\u00e4t arjen pukeutumista.<\/p>\n<p>Kaksiosainen korvakoru on kooltaan iso, mutta muodoltaan klassisen rauhallinen. Korun design leikittelee eri pinnoilla, jossa korun yl\u00e4osan pinnassa on tekstuuria ja alaosan pinta on hieman peilaava. N\u00e4m\u00e4 osat luovat yhdess\u00e4 kiinnostavan kokonaisuuden.<\/p>\n<p>Korvakorut saatavilla v\u00e4reiss\u00e4 hopea, kulta, pronssi, ruskea ja purppura.<\/p>\n<p>Kaikki k\u00e4ytt\u00e4m\u00e4mme nahkamateriaali on per\u00e4isin Suomesta tai Italiasta.<\/p>\n<p>Korvakorujen metalliosat ovat valmistettu nikkelitt\u00f6m\u00e4st\u00e4 ter\u00e4ksest\u00e4.<\/p>\n<p>Kaikki korumme on valmistettu k\u00e4sin Suomessa.<\/p>\n<p>Katso muut BUBBLES nahkakorvakorut <a href=\"https:\/\/viaminnet.com\/tuote-osasto\/bubbles\/\">t\u00e4\u00e4lt\u00e4<\/a>.<\/p>\n","protected":false},"excerpt":{"rendered":"<p>BUBBLES Duo korvakorut ovat ajaton ja n\u00e4ytt\u00e4v\u00e4 lis\u00e4 asuusi. Kauniit nahkakorvakorut ovat valmistettu korkealaatuisesta italialaisesta nahasta ja ne kruunaavat juhla-asusi tai pirist\u00e4v\u00e4t arjen pukeutumista. Kaksiosainen korvakoru on kooltaan iso, mutta muodoltaan klassisen rauhallinen. Korun design leikittelee eri pinnoilla, jossa korun yl\u00e4osan pinnassa on tekstuuria ja alaosan pinta on hieman peilaava. N\u00e4m\u00e4 osat luovat yhdess\u00e4 kiinnostavan [&hellip;]<\/p>\n","protected":false},"featured_media":45291,"template":"","meta":{"_acf_changed":false},"product_brand":[],"product_cat":[213,774,218],"product_tag":[],"class_list":{"0":"post-44120","1":"product","2":"type-product","3":"status-publish","4":"has-post-thumbnail","6":"product_cat-korvakorut","7":"product_cat-bubbles","8":"product_cat-sesonki","9":"pa_vari-hopea","10":"pa_vari-kulta","11":"pa_vari-pronssi","12":"pa_vari-purppura","13":"pa_vari-ruskea","15":"first","16":"instock","17":"taxable","18":"shipping-taxable","19":"purchasable","20":"product-type-variable","21":"wvs-archive-product-wrapper"},"acf":[],"_links":{"self":[{"href":"https:\/\/viaminnet.com\/en\/wp-json\/wp\/v2\/product\/44120","targetHints":{"allow":["GET"]}}],"collection":[{"href":"https:\/\/viaminnet.com\/en\/wp-json\/wp\/v2\/product"}],"about":[{"href":"https:\/\/viaminnet.com\/en\/wp-json\/wp\/v2\/types\/product"}],"wp:featuredmedia":[{"embeddable":true,"href":"https:\/\/viaminnet.com\/en\/wp-json\/wp\/v2\/media\/45291"}],"wp:attachment":[{"href":"https:\/\/viaminnet.com\/en\/wp-json\/wp\/v2\/media?parent=44120"}],"wp:term":[{"taxonomy":"product_brand","embeddable":true,"href":"https:\/\/viaminnet.com\/en\/wp-json\/wp\/v2\/product_brand?post=44120"},{"taxonomy":"product_cat","embeddable":true,"href":"https:\/\/viaminnet.com\/en\/wp-json\/wp\/v2\/product_cat?post=44120"},{"taxonomy":"product_tag","embeddable":true,"href":"https:\/\/viaminnet.com\/en\/wp-json\/wp\/v2\/product_tag?post=44120"}],"curies":[{"name":"wp","href":"https:\/\/api.w.org\/{rel}","templated":true}]}}