{"id":44115,"date":"2025-03-13T16:14:51","date_gmt":"2025-03-13T14:14:51","guid":{"rendered":"https:\/\/viaminnet.com\/?post_type=product&#038;p=44115"},"modified":"2026-02-04T13:12:57","modified_gmt":"2026-02-04T11:12:57","slug":"bubbles-trio-korvakorut","status":"publish","type":"product","link":"https:\/\/viaminnet.com\/en\/shop\/bubbles-trio-korvakorut\/","title":{"rendered":"BUBBLES Trio -korvakorut"},"content":{"rendered":"<p>BUBBLES Trio -korvakorut ovat muotoilultaan ajattomat ja k\u00e4ytett\u00e4vyydelt\u00e4\u00e4n kevyet katseenvangitsijat. Kookkaat, mutta silti hyvin kevyet BUBBLES Trio nahkakorvakorut sopivat t\u00e4ydellisesti juhlaan ett\u00e4 rohkeimmille my\u00f6s arkeen. KOrujen v\u00e4rivalikoimasta l\u00f6ytyy klassiset kulta, hopea, pronssi sek\u00e4 ajankohtaiset trendiv\u00e4rit juhlakauden mukaan.<\/p>\n<p>Bubbles Trio -korvakorujen ajaton design leikittelee eri pinnoilla luoden yhdess\u00e4 kiinnostavan kokonaisuuden. Korun pituus koukun kanssa on 16 cm, ja paino alle 20 grammaa. N\u00e4m\u00e4 korvakorut eiv\u00e4t kainostele tulla huomatuiksi. Isokokoiset korut, jotka ovat nahkamateriaalin keveyden ja pehmeyden vuoksi hyvin miellytt\u00e4v\u00e4t k\u00e4ytt\u00e4\u00e4. Juhlissa ei tule tunnetta, ett\u00e4 korut pit\u00e4isi ottaa pois, vaan ne saattavat unohtua p\u00e4\u00e4lle!<\/p>\n<p>Koruissa k\u00e4ytetty nahkamateriaali on per\u00e4isin Italiasta.<\/p>\n<p>Korvakorujen metalliosat ovat valmistettu nikkelitt\u00f6m\u00e4st\u00e4 ter\u00e4ksest\u00e4.<\/p>\n<p>Kaikki korumme on valmistettu k\u00e4sin Suomessa.<\/p>\n<p>Katso muut BUBBLES nahkakorvakorut <a href=\"https:\/\/viaminnet.com\/tuote-osasto\/bubbles\/\">t\u00e4\u00e4lt\u00e4<\/a>.<\/p>\n","protected":false},"excerpt":{"rendered":"<p>BUBBLES Trio -korvakorut ovat muotoilultaan ajattomat ja k\u00e4ytett\u00e4vyydelt\u00e4\u00e4n kevyet katseenvangitsijat. Kookkaat, mutta silti hyvin kevyet BUBBLES Trio nahkakorvakorut sopivat t\u00e4ydellisesti juhlaan ett\u00e4 rohkeimmille my\u00f6s arkeen. KOrujen v\u00e4rivalikoimasta l\u00f6ytyy klassiset kulta, hopea, pronssi sek\u00e4 ajankohtaiset trendiv\u00e4rit juhlakauden mukaan. Bubbles Trio -korvakorujen ajaton design leikittelee eri pinnoilla luoden yhdess\u00e4 kiinnostavan kokonaisuuden. Korun pituus koukun kanssa on 16 [&hellip;]<\/p>\n","protected":false},"featured_media":44147,"template":"","meta":{"_acf_changed":false},"product_brand":[],"product_cat":[213,774,218],"product_tag":[],"class_list":{"0":"post-44115","1":"product","2":"type-product","3":"status-publish","4":"has-post-thumbnail","6":"product_cat-korvakorut","7":"product_cat-bubbles","8":"product_cat-sesonki","9":"pa_vari-hopea","10":"pa_vari-kulta","11":"pa_vari-pronssi","12":"pa_vari-purppura","13":"pa_vari-ruskea","15":"first","16":"instock","17":"taxable","18":"shipping-taxable","19":"purchasable","20":"product-type-variable","21":"wvs-archive-product-wrapper"},"acf":[],"_links":{"self":[{"href":"https:\/\/viaminnet.com\/en\/wp-json\/wp\/v2\/product\/44115","targetHints":{"allow":["GET"]}}],"collection":[{"href":"https:\/\/viaminnet.com\/en\/wp-json\/wp\/v2\/product"}],"about":[{"href":"https:\/\/viaminnet.com\/en\/wp-json\/wp\/v2\/types\/product"}],"wp:featuredmedia":[{"embeddable":true,"href":"https:\/\/viaminnet.com\/en\/wp-json\/wp\/v2\/media\/44147"}],"wp:attachment":[{"href":"https:\/\/viaminnet.com\/en\/wp-json\/wp\/v2\/media?parent=44115"}],"wp:term":[{"taxonomy":"product_brand","embeddable":true,"href":"https:\/\/viaminnet.com\/en\/wp-json\/wp\/v2\/product_brand?post=44115"},{"taxonomy":"product_cat","embeddable":true,"href":"https:\/\/viaminnet.com\/en\/wp-json\/wp\/v2\/product_cat?post=44115"},{"taxonomy":"product_tag","embeddable":true,"href":"https:\/\/viaminnet.com\/en\/wp-json\/wp\/v2\/product_tag?post=44115"}],"curies":[{"name":"wp","href":"https:\/\/api.w.org\/{rel}","templated":true}]}}