{"id":43876,"date":"2025-01-26T19:24:20","date_gmt":"2025-01-26T17:24:20","guid":{"rendered":"https:\/\/viaminnet.com\/?post_type=product&#038;p=43876"},"modified":"2026-01-28T18:33:14","modified_gmt":"2026-01-28T16:33:14","slug":"feathers-glam-korvakorut-classic","status":"publish","type":"product","link":"https:\/\/viaminnet.com\/en\/shop\/feathers-glam-korvakorut-classic\/","title":{"rendered":"FEATHERS Glam korvakorut - Classic"},"content":{"rendered":"<p>FEATHERS Glam nahkakorvakorut ovat kevytt\u00e4 ja pehme\u00e4\u00e4 nahkaa, ja ne ovat n\u00e4ytt\u00e4v\u00e4 lis\u00e4 asuusi. Korujen kaksiosaisuus tekee niist\u00e4 ilmavat ja helppok\u00e4ytt\u00f6iset.<\/p>\n<p>Classic valikoimassa dramaattinen ja ajaton musta on yhdistettyn\u00e4 metallisiin s\u00e4vyihin kuten kulta, hopea ja ruusukulta. Roikkuvat korvakorut tuovat s\u00e4ihkett\u00e4 heti ja aina kun siihen on tilaisuus.<\/p>\n<div>\n<p>Koruissa k\u00e4ytt\u00e4m\u00e4mme nahkamateriaali on per\u00e4isin Italiasta ja Suomesta. Nahka on LWG (Leather Working Group) -sertifioitu, joka takaa vastuullisen toiminnan koko tuotantoketjussa. Korvakorujen metalliosien materiaali on nikkelit\u00f6n ter\u00e4s.<\/p>\n<p>Kaikki korumme on valmistettu Suomessa k\u00e4sin lyhyen matkan p\u00e4\u00e4ss\u00e4 Helsingin showroomiltamme.<\/p>\n<\/div>\n<p><span style=\"font-weight: 400;\">Katso kaikki FEATHERS-sarjan nahkakorvakorut <\/span><a href=\"https:\/\/viaminnet.com\/tuote-osasto\/feathers\/\"><span style=\"font-weight: 400;\">t\u00e4\u00e4lt\u00e4<\/span><\/a><span style=\"font-weight: 400;\">.<\/span><\/p>\n<p><i><span style=\"font-weight: 400;\">*Tuote on poistuva malli. Myymme kyseist\u00e4 tuotetta niin kauan kun varastoa on j\u00e4ljell\u00e4.<\/span><\/i><\/p>\n","protected":false},"excerpt":{"rendered":"<p>FEATHERS Glam nahkakorvakorut ovat kevytt\u00e4 ja pehme\u00e4\u00e4 nahkaa, ja ne ovat n\u00e4ytt\u00e4v\u00e4 lis\u00e4 asuusi. Korujen kaksiosaisuus tekee niist\u00e4 ilmavat ja helppok\u00e4ytt\u00f6iset. Classic valikoimassa dramaattinen ja ajaton musta on yhdistettyn\u00e4 metallisiin s\u00e4vyihin kuten kulta, hopea ja ruusukulta. Roikkuvat korvakorut tuovat s\u00e4ihkett\u00e4 heti ja aina kun siihen on tilaisuus. Koruissa k\u00e4ytt\u00e4m\u00e4mme nahkamateriaali on per\u00e4isin Italiasta ja Suomesta. [&hellip;]<\/p>\n","protected":false},"featured_media":34639,"template":"","meta":{"_acf_changed":false},"product_brand":[],"product_cat":[213,212],"product_tag":[],"class_list":{"0":"post-43876","1":"product","2":"type-product","3":"status-publish","4":"has-post-thumbnail","6":"product_cat-korvakorut","7":"product_cat-feathers","8":"pa_vari-hopea-musta","9":"pa_vari-kulta-musta","10":"pa_vari-ruusukulta-musta","12":"first","13":"instock","14":"taxable","15":"shipping-taxable","16":"purchasable","17":"product-type-variable","18":"wvs-archive-product-wrapper"},"acf":[],"_links":{"self":[{"href":"https:\/\/viaminnet.com\/en\/wp-json\/wp\/v2\/product\/43876","targetHints":{"allow":["GET"]}}],"collection":[{"href":"https:\/\/viaminnet.com\/en\/wp-json\/wp\/v2\/product"}],"about":[{"href":"https:\/\/viaminnet.com\/en\/wp-json\/wp\/v2\/types\/product"}],"wp:featuredmedia":[{"embeddable":true,"href":"https:\/\/viaminnet.com\/en\/wp-json\/wp\/v2\/media\/34639"}],"wp:attachment":[{"href":"https:\/\/viaminnet.com\/en\/wp-json\/wp\/v2\/media?parent=43876"}],"wp:term":[{"taxonomy":"product_brand","embeddable":true,"href":"https:\/\/viaminnet.com\/en\/wp-json\/wp\/v2\/product_brand?post=43876"},{"taxonomy":"product_cat","embeddable":true,"href":"https:\/\/viaminnet.com\/en\/wp-json\/wp\/v2\/product_cat?post=43876"},{"taxonomy":"product_tag","embeddable":true,"href":"https:\/\/viaminnet.com\/en\/wp-json\/wp\/v2\/product_tag?post=43876"}],"curies":[{"name":"wp","href":"https:\/\/api.w.org\/{rel}","templated":true}]}}