{"id":34498,"date":"2022-11-17T16:10:30","date_gmt":"2022-11-17T14:10:30","guid":{"rendered":"https:\/\/viaminnet.com\/?post_type=product&#038;p=34498"},"modified":"2026-02-03T13:54:52","modified_gmt":"2026-02-03T11:54:52","slug":"lumme-petite-korvakorut","status":"publish","type":"product","link":"https:\/\/viaminnet.com\/en\/shop\/lumme-petite-korvakorut\/","title":{"rendered":"LUMME Petite -korvakorut"},"content":{"rendered":"<p>Klassisesti muotoillut LUMME Petite korvakorut ovat hienostunut lis\u00e4 tyyliisi. Korvakorujen elegantti kolmiulotteinen muotoilu luo tasapainoisen, mutta n\u00e4ytt\u00e4v\u00e4n lis\u00e4n asuun. <span style=\"font-weight: 400;\">Korvakorujen etuosan glitternahka kimaltaa metallisena osuessaan valoon ja taustan mattas\u00e4vy tuo niihin lempe\u00e4n modernin kontrastin.<\/span><\/p>\n<p>Lumme Petite nahkakorvakorut sopivat kokonsa puolesta sirommallekin k\u00e4ytt\u00e4j\u00e4lle.<\/p>\n<p>Koruissa k\u00e4ytt\u00e4m\u00e4mme nahkamateriaali on per\u00e4isin Italiasta. Nahka on LWG (Leather Working Group) -sertifioitu, joka takaa vastuullisen toiminnan koko tuotantoketjussa. Koukut ovat valmistettu hopeans\u00e4vyisest\u00e4 nikkelit\u00f6m\u00e4st\u00e4 ter\u00e4ksest\u00e4.<\/p>\n<p>Kaikki korumme ovat valmistettu Suomessa k\u00e4sin lyhyen matkan p\u00e4\u00e4ss\u00e4 Helsingin showroomiltamme.<\/p>\n","protected":false},"excerpt":{"rendered":"<p>Klassisesti muotoillut LUMME Petite korvakorut ovat hienostunut lis\u00e4 tyyliisi. Korvakorujen elegantti kolmiulotteinen muotoilu luo tasapainoisen, mutta n\u00e4ytt\u00e4v\u00e4n lis\u00e4n asuun. Korvakorujen etuosan glitternahka kimaltaa metallisena osuessaan valoon ja taustan mattas\u00e4vy tuo niihin lempe\u00e4n modernin kontrastin. Lumme Petite nahkakorvakorut sopivat kokonsa puolesta sirommallekin k\u00e4ytt\u00e4j\u00e4lle. Koruissa k\u00e4ytt\u00e4m\u00e4mme nahkamateriaali on per\u00e4isin Italiasta. Nahka on LWG (Leather Working Group) -sertifioitu, [&hellip;]<\/p>\n","protected":false},"featured_media":45130,"template":"","meta":{"_acf_changed":false},"product_brand":[],"product_cat":[213,214],"product_tag":[],"class_list":{"0":"post-34498","1":"product","2":"type-product","3":"status-publish","4":"has-post-thumbnail","6":"product_cat-korvakorut","7":"product_cat-lumme","8":"pa_vari-beige","9":"pa_vari-hopea-glitter","10":"pa_vari-kulta-glitter","11":"pa_vari-musta-glitter","12":"pa_vari-pinkki-glitter","13":"pa_vari-ruusukulta-glitter","14":"pa_vari-shampanja","15":"pa_vari-sininen-glitter","17":"first","18":"instock","19":"taxable","20":"shipping-taxable","21":"purchasable","22":"product-type-variable","23":"wvs-archive-product-wrapper"},"acf":[],"_links":{"self":[{"href":"https:\/\/viaminnet.com\/en\/wp-json\/wp\/v2\/product\/34498","targetHints":{"allow":["GET"]}}],"collection":[{"href":"https:\/\/viaminnet.com\/en\/wp-json\/wp\/v2\/product"}],"about":[{"href":"https:\/\/viaminnet.com\/en\/wp-json\/wp\/v2\/types\/product"}],"wp:featuredmedia":[{"embeddable":true,"href":"https:\/\/viaminnet.com\/en\/wp-json\/wp\/v2\/media\/45130"}],"wp:attachment":[{"href":"https:\/\/viaminnet.com\/en\/wp-json\/wp\/v2\/media?parent=34498"}],"wp:term":[{"taxonomy":"product_brand","embeddable":true,"href":"https:\/\/viaminnet.com\/en\/wp-json\/wp\/v2\/product_brand?post=34498"},{"taxonomy":"product_cat","embeddable":true,"href":"https:\/\/viaminnet.com\/en\/wp-json\/wp\/v2\/product_cat?post=34498"},{"taxonomy":"product_tag","embeddable":true,"href":"https:\/\/viaminnet.com\/en\/wp-json\/wp\/v2\/product_tag?post=34498"}],"curies":[{"name":"wp","href":"https:\/\/api.w.org\/{rel}","templated":true}]}}