{"id":34477,"date":"2022-11-17T16:09:52","date_gmt":"2022-11-17T14:09:52","guid":{"rendered":"https:\/\/viaminnet.com\/?post_type=product&#038;p=34477"},"modified":"2025-03-06T12:41:12","modified_gmt":"2025-03-06T10:41:12","slug":"feathers-grande-exclusive-korvakorut","status":"publish","type":"product","link":"https:\/\/viaminnet.com\/en\/shop\/feathers-grande-exclusive-korvakorut\/","title":{"rendered":"FEATHERS Grande exclusive korvakorut"},"content":{"rendered":"<p>FEATHERS Grande exclusive korvakorut ovat valmistettu korkealaatuisesta metallinhohtoisesta peilinahasta. Korvakorujen elegantti s\u00e4vy yhdistettyn\u00e4 modernin pohjoismaalaisen muotoilun kanssa luovat katseenk\u00e4\u00e4nt\u00e4v\u00e4n lis\u00e4n juhla-asuun. N\u00e4ytt\u00e4v\u00e4st\u00e4 koostaan huolimatta korvakorut ovat mukavat k\u00e4ytt\u00e4\u00e4 kevyen painonsa ansiosta.<\/p>\n<p>Feathers Grande exclusive korvakorut hohtavat klassisen kullan, hopean sek\u00e4 ruusukullan s\u00e4vyss\u00e4. N\u00e4m\u00e4 erikoiser\u00e4n korvakorut ovat saatavilla vain nettikaupassamme sek\u00e4 Kruununhaan myym\u00e4l\u00e4ss\u00e4, ja korut toimitetaan lahjalaatikossa.<\/p>\n<p>Koruissa k\u00e4ytetty nahka on per\u00e4isin Italiasta ja on LWG (Leather Working Group) sertifioitu. Korvakorujen koukut ovat valmistettu nikkelitt\u00f6m\u00e4st\u00e4 ter\u00e4ksest\u00e4.<\/p>\n<p>Kaikki korumme ovat valmistettu Suomessa k\u00e4sin lyhyen matkan p\u00e4\u00e4ss\u00e4 Helsingin showroomiltamme.<\/p>\n<p>&nbsp;<\/p>\n<p>&nbsp;<\/p>\n","protected":false},"excerpt":{"rendered":"<p>FEATHERS Grande exclusive korvakorut ovat valmistettu korkealaatuisesta metallinhohtoisesta peilinahasta. Korvakorujen elegantti s\u00e4vy yhdistettyn\u00e4 modernin pohjoismaalaisen muotoilun kanssa luovat katseenk\u00e4\u00e4nt\u00e4v\u00e4n lis\u00e4n juhla-asuun. N\u00e4ytt\u00e4v\u00e4st\u00e4 koostaan huolimatta korvakorut ovat mukavat k\u00e4ytt\u00e4\u00e4 kevyen painonsa ansiosta. Feathers Grande exclusive korvakorut hohtavat klassisen kullan, hopean sek\u00e4 ruusukullan s\u00e4vyss\u00e4. N\u00e4m\u00e4 erikoiser\u00e4n korvakorut ovat saatavilla vain nettikaupassamme sek\u00e4 Kruununhaan myym\u00e4l\u00e4ss\u00e4, ja korut toimitetaan [&hellip;]<\/p>\n","protected":false},"featured_media":34718,"template":"","meta":{"_acf_changed":false},"product_brand":[],"product_cat":[212,213],"product_tag":[],"class_list":{"0":"post-34477","1":"product","2":"type-product","3":"status-publish","4":"has-post-thumbnail","6":"product_cat-feathers","7":"product_cat-korvakorut","8":"pa_vari-hopea","9":"pa_vari-kulta","10":"pa_vari-ruusukulta","12":"first","13":"outofstock","14":"taxable","15":"shipping-taxable","16":"product-type-variable","17":"wvs-archive-product-wrapper"},"acf":[],"_links":{"self":[{"href":"https:\/\/viaminnet.com\/en\/wp-json\/wp\/v2\/product\/34477","targetHints":{"allow":["GET"]}}],"collection":[{"href":"https:\/\/viaminnet.com\/en\/wp-json\/wp\/v2\/product"}],"about":[{"href":"https:\/\/viaminnet.com\/en\/wp-json\/wp\/v2\/types\/product"}],"wp:featuredmedia":[{"embeddable":true,"href":"https:\/\/viaminnet.com\/en\/wp-json\/wp\/v2\/media\/34718"}],"wp:attachment":[{"href":"https:\/\/viaminnet.com\/en\/wp-json\/wp\/v2\/media?parent=34477"}],"wp:term":[{"taxonomy":"product_brand","embeddable":true,"href":"https:\/\/viaminnet.com\/en\/wp-json\/wp\/v2\/product_brand?post=34477"},{"taxonomy":"product_cat","embeddable":true,"href":"https:\/\/viaminnet.com\/en\/wp-json\/wp\/v2\/product_cat?post=34477"},{"taxonomy":"product_tag","embeddable":true,"href":"https:\/\/viaminnet.com\/en\/wp-json\/wp\/v2\/product_tag?post=34477"}],"curies":[{"name":"wp","href":"https:\/\/api.w.org\/{rel}","templated":true}]}}